{"id":1702,"date":"2022-05-17T15:02:04","date_gmt":"2022-05-17T15:02:04","guid":{"rendered":"https:\/\/informaticaimes.com\/?page_id=1702"},"modified":"2022-05-17T15:05:12","modified_gmt":"2022-05-17T15:05:12","slug":"tarragona","status":"publish","type":"page","link":"https:\/\/informaticaimes.com\/es\/tarragona\/","title":{"rendered":"Tarragona"},"content":{"rendered":"","protected":false},"excerpt":{"rendered":"","protected":false},"author":1,"featured_media":1693,"parent":0,"menu_order":0,"comment_status":"closed","ping_status":"closed","template":"","meta":{"_mbp_gutenberg_autopost":false,"footnotes":""},"categories":[],"tags":[23],"class_list":["post-1702","page","type-page","status-publish","has-post-thumbnail","hentry","tag-landing-sp"],"yoast_head":"<!-- This site is optimized with the Yoast SEO plugin v26.8 - https:\/\/yoast.com\/product\/yoast-seo-wordpress\/ -->\n<title>\u25b7 Mantenimiento y consultor\u00eda inform\u00e1tica en Tarragona<\/title>\n<meta name=\"description\" content=\"En Inform\u00e0ticai+ somos expertos en mantenimiento inform\u00e1tico y consultor\u00eda inform\u00e1tica para empresas en Tarragona\" \/>\n<meta name=\"robots\" content=\"index, follow, max-snippet:-1, max-image-preview:large, max-video-preview:-1\" \/>\n<link rel=\"canonical\" href=\"https:\/\/informaticaimes.com\/es\/tarragona\/\" \/>\n<meta property=\"og:locale\" content=\"es_ES\" \/>\n<meta property=\"og:type\" content=\"article\" \/>\n<meta property=\"og:title\" content=\"\u25b7 Mantenimiento y consultor\u00eda inform\u00e1tica en Tarragona\" \/>\n<meta property=\"og:description\" content=\"En Inform\u00e0ticai+ somos expertos en mantenimiento inform\u00e1tico y consultor\u00eda inform\u00e1tica para empresas en Tarragona\" \/>\n<meta property=\"og:url\" content=\"https:\/\/informaticaimes.com\/es\/tarragona\/\" \/>\n<meta property=\"og:site_name\" content=\"Informatica i mes\" \/>\n<meta property=\"article:publisher\" content=\"https:\/\/www.facebook.com\/informaticaimes\" \/>\n<meta property=\"article:modified_time\" content=\"2022-05-17T15:05:12+00:00\" \/>\n<meta property=\"og:image\" content=\"https:\/\/informaticaimes.com\/wp-content\/uploads\/2022\/05\/informatica-i-mes-portada-2.jpg\" \/>\n\t<meta property=\"og:image:width\" content=\"400\" \/>\n\t<meta property=\"og:image:height\" content=\"400\" \/>\n\t<meta property=\"og:image:type\" content=\"image\/jpeg\" \/>\n<meta name=\"twitter:card\" content=\"summary_large_image\" \/>\n<meta name=\"twitter:site\" content=\"@Informaticaimes\" \/>\n<!-- \/ Yoast SEO plugin. -->","yoast_head_json":{"title":"\u25b7 Mantenimiento y consultor\u00eda inform\u00e1tica en Tarragona","description":"En Inform\u00e0ticai+ somos expertos en mantenimiento inform\u00e1tico y consultor\u00eda inform\u00e1tica para empresas en Tarragona","robots":{"index":"index","follow":"follow","max-snippet":"max-snippet:-1","max-image-preview":"max-image-preview:large","max-video-preview":"max-video-preview:-1"},"canonical":"https:\/\/informaticaimes.com\/es\/tarragona\/","og_locale":"es_ES","og_type":"article","og_title":"\u25b7 Mantenimiento y consultor\u00eda inform\u00e1tica en Tarragona","og_description":"En Inform\u00e0ticai+ somos expertos en mantenimiento inform\u00e1tico y consultor\u00eda inform\u00e1tica para empresas en Tarragona","og_url":"https:\/\/informaticaimes.com\/es\/tarragona\/","og_site_name":"Informatica i mes","article_publisher":"https:\/\/www.facebook.com\/informaticaimes","article_modified_time":"2022-05-17T15:05:12+00:00","og_image":[{"width":400,"height":400,"url":"https:\/\/informaticaimes.com\/wp-content\/uploads\/2022\/05\/informatica-i-mes-portada-2.jpg","type":"image\/jpeg"}],"twitter_card":"summary_large_image","twitter_site":"@Informaticaimes","schema":{"@context":"https:\/\/schema.org","@graph":[{"@type":"WebPage","@id":"https:\/\/informaticaimes.com\/es\/tarragona\/","url":"https:\/\/informaticaimes.com\/es\/tarragona\/","name":"\u25b7 Mantenimiento y consultor\u00eda inform\u00e1tica en Tarragona","isPartOf":{"@id":"https:\/\/informaticaimes.com\/es\/#website"},"primaryImageOfPage":{"@id":"https:\/\/informaticaimes.com\/es\/tarragona\/#primaryimage"},"image":{"@id":"https:\/\/informaticaimes.com\/es\/tarragona\/#primaryimage"},"thumbnailUrl":"https:\/\/informaticaimes.com\/wp-content\/uploads\/2022\/05\/informatica-i-mes-portada-2.jpg","datePublished":"2022-05-17T15:02:04+00:00","dateModified":"2022-05-17T15:05:12+00:00","description":"En Inform\u00e0ticai+ somos expertos en mantenimiento inform\u00e1tico y consultor\u00eda inform\u00e1tica para empresas en Tarragona","breadcrumb":{"@id":"https:\/\/informaticaimes.com\/es\/tarragona\/#breadcrumb"},"inLanguage":"es","potentialAction":[{"@type":"ReadAction","target":["https:\/\/informaticaimes.com\/es\/tarragona\/"]}]},{"@type":"ImageObject","inLanguage":"es","@id":"https:\/\/informaticaimes.com\/es\/tarragona\/#primaryimage","url":"https:\/\/informaticaimes.com\/wp-content\/uploads\/2022\/05\/informatica-i-mes-portada-2.jpg","contentUrl":"https:\/\/informaticaimes.com\/wp-content\/uploads\/2022\/05\/informatica-i-mes-portada-2.jpg","width":400,"height":400,"caption":"Informatica i mes portada 2"},{"@type":"BreadcrumbList","@id":"https:\/\/informaticaimes.com\/es\/tarragona\/#breadcrumb","itemListElement":[{"@type":"ListItem","position":1,"name":"Portada","item":"https:\/\/informaticaimes.com\/es\/"},{"@type":"ListItem","position":2,"name":"Tarragona"}]},{"@type":"WebSite","@id":"https:\/\/informaticaimes.com\/es\/#website","url":"https:\/\/informaticaimes.com\/es\/","name":"Informatica i mes","description":"Mantenimiento Inform\u00e1tico en Vilafranca para empresas . Somos expertos en soporte IT empresas y reparaciones.","publisher":{"@id":"https:\/\/informaticaimes.com\/es\/#organization"},"potentialAction":[{"@type":"SearchAction","target":{"@type":"EntryPoint","urlTemplate":"https:\/\/informaticaimes.com\/es\/?s={search_term_string}"},"query-input":{"@type":"PropertyValueSpecification","valueRequired":true,"valueName":"search_term_string"}}],"inLanguage":"es"},{"@type":"Organization","@id":"https:\/\/informaticaimes.com\/es\/#organization","name":"Inform\u00e0ticai+","url":"https:\/\/informaticaimes.com\/es\/","logo":{"@type":"ImageObject","inLanguage":"es","@id":"https:\/\/informaticaimes.com\/es\/#\/schema\/logo\/image\/","url":"https:\/\/secureservercdn.net\/160.153.137.218\/q5i.ba4.myftpupload.com\/wp-content\/uploads\/2022\/03\/informatica-i-mes-logo.png?time=1653408702","contentUrl":"https:\/\/secureservercdn.net\/160.153.137.218\/q5i.ba4.myftpupload.com\/wp-content\/uploads\/2022\/03\/informatica-i-mes-logo.png?time=1653408702","width":340,"height":156,"caption":"Inform\u00e0ticai+"},"image":{"@id":"https:\/\/informaticaimes.com\/es\/#\/schema\/logo\/image\/"},"sameAs":["https:\/\/www.facebook.com\/informaticaimes","https:\/\/x.com\/Informaticaimes","https:\/\/www.instagram.com\/informaticaimes\/"]}]}},"_links":{"self":[{"href":"https:\/\/informaticaimes.com\/es\/wp-json\/wp\/v2\/pages\/1702","targetHints":{"allow":["GET"]}}],"collection":[{"href":"https:\/\/informaticaimes.com\/es\/wp-json\/wp\/v2\/pages"}],"about":[{"href":"https:\/\/informaticaimes.com\/es\/wp-json\/wp\/v2\/types\/page"}],"author":[{"embeddable":true,"href":"https:\/\/informaticaimes.com\/es\/wp-json\/wp\/v2\/users\/1"}],"replies":[{"embeddable":true,"href":"https:\/\/informaticaimes.com\/es\/wp-json\/wp\/v2\/comments?post=1702"}],"version-history":[{"count":1,"href":"https:\/\/informaticaimes.com\/es\/wp-json\/wp\/v2\/pages\/1702\/revisions"}],"predecessor-version":[{"id":1710,"href":"https:\/\/informaticaimes.com\/es\/wp-json\/wp\/v2\/pages\/1702\/revisions\/1710"}],"wp:featuredmedia":[{"embeddable":true,"href":"https:\/\/informaticaimes.com\/es\/wp-json\/wp\/v2\/media\/1693"}],"wp:attachment":[{"href":"https:\/\/informaticaimes.com\/es\/wp-json\/wp\/v2\/media?parent=1702"}],"wp:term":[{"taxonomy":"category","embeddable":true,"href":"https:\/\/informaticaimes.com\/es\/wp-json\/wp\/v2\/categories?post=1702"},{"taxonomy":"post_tag","embeddable":true,"href":"https:\/\/informaticaimes.com\/es\/wp-json\/wp\/v2\/tags?post=1702"}],"curies":[{"name":"wp","href":"https:\/\/api.w.org\/{rel}","templated":true}]}}