{"id":1719,"date":"2022-05-17T15:13:33","date_gmt":"2022-05-17T15:13:33","guid":{"rendered":"https:\/\/informaticaimes.com\/?page_id=1719"},"modified":"2026-02-02T13:00:35","modified_gmt":"2026-02-02T13:00:35","slug":"mantenimiento-informatico-barcelona","status":"publish","type":"page","link":"https:\/\/informaticaimes.com\/es\/mantenimiento-informatico-barcelona\/","title":{"rendered":"Barcelona"},"content":{"rendered":"","protected":false},"excerpt":{"rendered":"","protected":false},"author":1,"featured_media":2411,"parent":0,"menu_order":0,"comment_status":"closed","ping_status":"closed","template":"","meta":{"footnotes":""},"categories":[],"tags":[23],"class_list":["post-1719","page","type-page","status-publish","has-post-thumbnail","hentry","tag-landing-sp"],"yoast_head":"<!-- This site is optimized with the Yoast SEO Premium plugin v27.5 (Yoast SEO v27.5) - https:\/\/yoast.com\/product\/yoast-seo-premium-wordpress\/ -->\n<title>\u25b7 Mantenimiento y consultor\u00eda inform\u00e1tica en Barcelona<\/title>\n<meta name=\"description\" content=\"Brindamos soporte inform\u00e1tico y consultor\u00eda inform\u00e1tica para Pymes en Barcelona Llamanos , estaremos encadados de ayudarte con tus TIC!\" \/>\n<meta name=\"robots\" content=\"index, follow, max-snippet:-1, max-image-preview:large, max-video-preview:-1\" \/>\n<link rel=\"canonical\" href=\"https:\/\/informaticaimes.com\/es\/mantenimiento-informatico-barcelona\/\" \/>\n<meta property=\"og:locale\" content=\"es_ES\" \/>\n<meta property=\"og:type\" content=\"article\" \/>\n<meta property=\"og:title\" content=\"Barcelona\" \/>\n<meta property=\"og:description\" content=\"Brindamos soporte inform\u00e1tico y consultor\u00eda inform\u00e1tica para Pymes en Barcelona Llamanos , estaremos encadados de ayudarte con tus TIC!\" \/>\n<meta property=\"og:url\" content=\"https:\/\/informaticaimes.com\/es\/mantenimiento-informatico-barcelona\/\" \/>\n<meta property=\"og:site_name\" content=\"Informatica i mes\" \/>\n<meta property=\"article:publisher\" content=\"https:\/\/www.facebook.com\/informaticaimes\" \/>\n<meta property=\"article:modified_time\" content=\"2026-02-02T13:00:35+00:00\" \/>\n<meta property=\"og:image\" content=\"https:\/\/informaticaimes.com\/wp-content\/uploads\/2022\/07\/limpiar-acelerar-windows-10.jpg\" \/>\n\t<meta property=\"og:image:width\" content=\"900\" \/>\n\t<meta property=\"og:image:height\" content=\"400\" \/>\n\t<meta property=\"og:image:type\" content=\"image\/jpeg\" \/>\n<meta name=\"twitter:card\" content=\"summary_large_image\" \/>\n<meta name=\"twitter:site\" content=\"@Informaticaimes\" \/>\n<meta name=\"twitter:label1\" content=\"Tiempo de lectura\" \/>\n\t<meta name=\"twitter:data1\" content=\"1 minuto\" \/>\n<meta name=\"geo.placename\" content=\"Vilafranca del Pened\u00e8s\" \/>\n<meta name=\"geo.position\" content=\"41.348721;1.690868\" \/>\n<meta name=\"geo.region\" content=\"Espa\u00f1a\" \/>\n<!-- \/ Yoast SEO Premium plugin. -->","yoast_head_json":{"title":"\u25b7 Mantenimiento y consultor\u00eda inform\u00e1tica en Barcelona","description":"Brindamos soporte inform\u00e1tico y consultor\u00eda inform\u00e1tica para Pymes en Barcelona Llamanos , estaremos encadados de ayudarte con tus TIC!","robots":{"index":"index","follow":"follow","max-snippet":"max-snippet:-1","max-image-preview":"max-image-preview:large","max-video-preview":"max-video-preview:-1"},"canonical":"https:\/\/informaticaimes.com\/es\/mantenimiento-informatico-barcelona\/","og_locale":"es_ES","og_type":"article","og_title":"Barcelona","og_description":"Brindamos soporte inform\u00e1tico y consultor\u00eda inform\u00e1tica para Pymes en Barcelona Llamanos , estaremos encadados de ayudarte con tus TIC!","og_url":"https:\/\/informaticaimes.com\/es\/mantenimiento-informatico-barcelona\/","og_site_name":"Informatica i mes","article_publisher":"https:\/\/www.facebook.com\/informaticaimes","article_modified_time":"2026-02-02T13:00:35+00:00","og_image":[{"width":900,"height":400,"url":"https:\/\/informaticaimes.com\/wp-content\/uploads\/2022\/07\/limpiar-acelerar-windows-10.jpg","type":"image\/jpeg"}],"twitter_card":"summary_large_image","twitter_site":"@Informaticaimes","twitter_misc":{"Tiempo de lectura":"1 minuto"},"schema":{"@context":"https:\/\/schema.org","@graph":[{"@type":"WebPage","@id":"https:\/\/informaticaimes.com\/es\/mantenimiento-informatico-barcelona\/","url":"https:\/\/informaticaimes.com\/es\/mantenimiento-informatico-barcelona\/","name":"\u25b7 Mantenimiento y consultor\u00eda inform\u00e1tica en Barcelona","isPartOf":{"@id":"https:\/\/informaticaimes.com\/es\/#website"},"primaryImageOfPage":{"@id":"https:\/\/informaticaimes.com\/es\/mantenimiento-informatico-barcelona\/#primaryimage"},"image":{"@id":"https:\/\/informaticaimes.com\/es\/mantenimiento-informatico-barcelona\/#primaryimage"},"thumbnailUrl":"https:\/\/informaticaimes.com\/wp-content\/uploads\/2022\/07\/limpiar-acelerar-windows-10.jpg","datePublished":"2022-05-17T15:13:33+00:00","dateModified":"2026-02-02T13:00:35+00:00","description":"Brindamos soporte inform\u00e1tico y consultor\u00eda inform\u00e1tica para Pymes en Barcelona Llamanos , estaremos encadados de ayudarte con tus TIC!","breadcrumb":{"@id":"https:\/\/informaticaimes.com\/es\/mantenimiento-informatico-barcelona\/#breadcrumb"},"inLanguage":"es","potentialAction":[{"@type":"ReadAction","target":["https:\/\/informaticaimes.com\/es\/mantenimiento-informatico-barcelona\/"]}]},{"@type":"ImageObject","inLanguage":"es","@id":"https:\/\/informaticaimes.com\/es\/mantenimiento-informatico-barcelona\/#primaryimage","url":"https:\/\/informaticaimes.com\/wp-content\/uploads\/2022\/07\/limpiar-acelerar-windows-10.jpg","contentUrl":"https:\/\/informaticaimes.com\/wp-content\/uploads\/2022\/07\/limpiar-acelerar-windows-10.jpg","width":900,"height":400,"caption":"limpiar acelerar windows 10"},{"@type":"BreadcrumbList","@id":"https:\/\/informaticaimes.com\/es\/mantenimiento-informatico-barcelona\/#breadcrumb","itemListElement":[{"@type":"ListItem","position":1,"name":"Portada","item":"https:\/\/informaticaimes.com\/es\/"},{"@type":"ListItem","position":2,"name":"Barcelona"}]},{"@type":"WebSite","@id":"https:\/\/informaticaimes.com\/es\/#website","url":"https:\/\/informaticaimes.com\/es\/","name":"Informatica i mes","description":"Mantenimiento Inform\u00e1tico en Vilafranca para empresas . Somos expertos en soporte IT empresas y reparaciones.","publisher":{"@id":"https:\/\/informaticaimes.com\/es\/#organization"},"potentialAction":[{"@type":"SearchAction","target":{"@type":"EntryPoint","urlTemplate":"https:\/\/informaticaimes.com\/es\/?s={search_term_string}"},"query-input":{"@type":"PropertyValueSpecification","valueRequired":true,"valueName":"search_term_string"}}],"inLanguage":"es"},{"@type":["Organization","Place","ProfessionalService"],"@id":"https:\/\/informaticaimes.com\/es\/#organization","name":"Inform\u00e0ticai+","url":"https:\/\/informaticaimes.com\/es\/","logo":{"@id":"https:\/\/informaticaimes.com\/es\/mantenimiento-informatico-barcelona\/#local-main-organization-logo"},"image":{"@id":"https:\/\/informaticaimes.com\/es\/mantenimiento-informatico-barcelona\/#local-main-organization-logo"},"sameAs":["https:\/\/www.facebook.com\/informaticaimes","https:\/\/x.com\/Informaticaimes","https:\/\/www.instagram.com\/informaticaimes\/"],"address":{"@id":"https:\/\/informaticaimes.com\/es\/mantenimiento-informatico-barcelona\/#local-main-place-address"},"geo":{"@type":"GeoCoordinates","latitude":"41.348721","longitude":"1.690868"},"telephone":["938915336"],"contactPoint":{"@type":"ContactPoint","telephone":"938915336","email":"info@informaticaimes.com"},"openingHoursSpecification":[{"@type":"OpeningHoursSpecification","dayOfWeek":["Monday","Tuesday","Wednesday","Thursday"],"opens":"08:00","closes":"18:00"},{"@type":"OpeningHoursSpecification","dayOfWeek":["Friday"],"opens":"08:00","closes":"15:00"},{"@type":"OpeningHoursSpecification","dayOfWeek":["Saturday","Sunday"],"opens":"00:00","closes":"00:00"}],"email":"info@informaticaimes.com"},{"@type":"PostalAddress","@id":"https:\/\/informaticaimes.com\/es\/mantenimiento-informatico-barcelona\/#local-main-place-address","streetAddress":"Carrer del Progr\u00e9s, 61","addressLocality":"Vilafranca del Pened\u00e8s","postalCode":"08720","addressCountry":"ES"},{"@type":"ImageObject","inLanguage":"es","@id":"https:\/\/informaticaimes.com\/es\/mantenimiento-informatico-barcelona\/#local-main-organization-logo","url":"https:\/\/informaticaimes.com\/wp-content\/uploads\/2022\/03\/informatica-i-mes-logo.png","contentUrl":"https:\/\/informaticaimes.com\/wp-content\/uploads\/2022\/03\/informatica-i-mes-logo.png","width":340,"height":156,"caption":"Inform\u00e0ticai+"}]},"geo.placename":"Vilafranca del Pened\u00e8s","geo.position":{"lat":"41.348721","long":"1.690868"},"geo.region":"Espa\u00f1a"},"_links":{"self":[{"href":"https:\/\/informaticaimes.com\/es\/wp-json\/wp\/v2\/pages\/1719","targetHints":{"allow":["GET"]}}],"collection":[{"href":"https:\/\/informaticaimes.com\/es\/wp-json\/wp\/v2\/pages"}],"about":[{"href":"https:\/\/informaticaimes.com\/es\/wp-json\/wp\/v2\/types\/page"}],"author":[{"embeddable":true,"href":"https:\/\/informaticaimes.com\/es\/wp-json\/wp\/v2\/users\/1"}],"replies":[{"embeddable":true,"href":"https:\/\/informaticaimes.com\/es\/wp-json\/wp\/v2\/comments?post=1719"}],"version-history":[{"count":1,"href":"https:\/\/informaticaimes.com\/es\/wp-json\/wp\/v2\/pages\/1719\/revisions"}],"predecessor-version":[{"id":1720,"href":"https:\/\/informaticaimes.com\/es\/wp-json\/wp\/v2\/pages\/1719\/revisions\/1720"}],"wp:featuredmedia":[{"embeddable":true,"href":"https:\/\/informaticaimes.com\/es\/wp-json\/wp\/v2\/media\/2411"}],"wp:attachment":[{"href":"https:\/\/informaticaimes.com\/es\/wp-json\/wp\/v2\/media?parent=1719"}],"wp:term":[{"taxonomy":"category","embeddable":true,"href":"https:\/\/informaticaimes.com\/es\/wp-json\/wp\/v2\/categories?post=1719"},{"taxonomy":"post_tag","embeddable":true,"href":"https:\/\/informaticaimes.com\/es\/wp-json\/wp\/v2\/tags?post=1719"}],"curies":[{"name":"wp","href":"https:\/\/api.w.org\/{rel}","templated":true}]}}