{"id":22,"date":"2022-03-30T11:47:58","date_gmt":"2022-03-30T11:47:58","guid":{"rendered":"https:\/\/informaticaimes.com\/?page_id=22"},"modified":"2024-02-14T10:06:43","modified_gmt":"2024-02-14T10:06:43","slug":"contacto","status":"publish","type":"page","link":"https:\/\/informaticaimes.com\/es\/contacto\/","title":{"rendered":"Contacto"},"content":{"rendered":"\t\t<div data-elementor-type=\"wp-page\" data-elementor-id=\"22\" class=\"elementor elementor-22\" data-elementor-post-type=\"page\">\n\t\t\t\t\t\t<section class=\"elementor-section elementor-top-section elementor-element elementor-element-36af651 elementor-section-height-min-height elementor-section-boxed elementor-section-height-default elementor-section-items-middle\" data-id=\"36af651\" data-element_type=\"section\" data-e-type=\"section\" data-settings=\"{&quot;background_background&quot;:&quot;gradient&quot;,&quot;shape_divider_bottom&quot;:&quot;waves&quot;}\">\n\t\t\t\t\t\t\t<div class=\"elementor-background-overlay\"><\/div>\n\t\t\t\t\t\t<div class=\"elementor-shape elementor-shape-bottom\" aria-hidden=\"true\" data-negative=\"false\">\n\t\t\t<svg xmlns=\"http:\/\/www.w3.org\/2000\/svg\" viewBox=\"0 0 1000 100\" preserveAspectRatio=\"none\">\n\t<path class=\"elementor-shape-fill\" d=\"M421.9,6.5c22.6-2.5,51.5,0.4,75.5,5.3c23.6,4.9,70.9,23.5,100.5,35.7c75.8,32.2,133.7,44.5,192.6,49.7\n\tc23.6,2.1,48.7,3.5,103.4-2.5c54.7-6,106.2-25.6,106.2-25.6V0H0v30.3c0,0,72,32.6,158.4,30.5c39.2-0.7,92.8-6.7,134-22.4\n\tc21.2-8.1,52.2-18.2,79.7-24.2C399.3,7.9,411.6,7.5,421.9,6.5z\"\/>\n<\/svg>\t\t<\/div>\n\t\t\t\t\t<div class=\"elementor-container elementor-column-gap-default\">\n\t\t\t\t\t<div class=\"elementor-column elementor-col-100 elementor-top-column elementor-element elementor-element-d116660\" data-id=\"d116660\" data-element_type=\"column\" data-e-type=\"column\">\n\t\t\t<div class=\"elementor-widget-wrap elementor-element-populated\">\n\t\t\t\t\t\t<div class=\"elementor-element elementor-element-ee1fad2 elementor-widget elementor-widget-heading\" data-id=\"ee1fad2\" data-element_type=\"widget\" data-e-type=\"widget\" data-widget_type=\"heading.default\">\n\t\t\t\t<div class=\"elementor-widget-container\">\n\t\t\t\t\t<h1 class=\"elementor-heading-title elementor-size-default\">Contacto<\/h1>\t\t\t\t<\/div>\n\t\t\t\t<\/div>\n\t\t\t\t\t<\/div>\n\t\t<\/div>\n\t\t\t\t\t<\/div>\n\t\t<\/section>\n\t\t\t\t<section class=\"elementor-section elementor-top-section elementor-element elementor-element-c74c40b elementor-section-boxed elementor-section-height-default elementor-section-height-default\" data-id=\"c74c40b\" data-element_type=\"section\" data-e-type=\"section\">\n\t\t\t\t\t\t<div class=\"elementor-container elementor-column-gap-default\">\n\t\t\t\t\t<div class=\"elementor-column elementor-col-50 elementor-top-column elementor-element elementor-element-03be721\" data-id=\"03be721\" data-element_type=\"column\" data-e-type=\"column\">\n\t\t\t<div class=\"elementor-widget-wrap elementor-element-populated\">\n\t\t\t\t\t\t<div class=\"elementor-element elementor-element-2591f5c elementor-invisible elementor-widget elementor-widget-heading\" data-id=\"2591f5c\" data-element_type=\"widget\" data-e-type=\"widget\" data-settings=\"{&quot;_animation&quot;:&quot;fadeInUp&quot;}\" data-widget_type=\"heading.default\">\n\t\t\t\t<div class=\"elementor-widget-container\">\n\t\t\t\t\t<h2 class=\"elementor-heading-title elementor-size-default\">Informaci\u00f3n de contacto<\/h2>\t\t\t\t<\/div>\n\t\t\t\t<\/div>\n\t\t\t\t<div class=\"elementor-element elementor-element-7d22d8b elementor-widget elementor-widget-heading\" data-id=\"7d22d8b\" data-element_type=\"widget\" data-e-type=\"widget\" data-widget_type=\"heading.default\">\n\t\t\t\t<div class=\"elementor-widget-container\">\n\t\t\t\t\t<p class=\"elementor-heading-title elementor-size-default\">Carrer del Progr\u00e9s, 61.<br>\n08720 Vilafranca del Pened\u00e8s<br>\nBarcelona<\/p>\t\t\t\t<\/div>\n\t\t\t\t<\/div>\n\t\t\t\t<div class=\"elementor-element elementor-element-abe06b8 ofuscado elementor-widget elementor-widget-heading\" data-id=\"abe06b8\" data-element_type=\"widget\" data-e-type=\"widget\" data-widget_type=\"heading.default\">\n\t\t\t\t<div class=\"elementor-widget-container\">\n\t\t\t\t\t<div class=\"elementor-heading-title elementor-size-default\"><a href=\"mailto:info@informaticaimes.com\">info@informaticaimes.com<\/a><\/div>\t\t\t\t<\/div>\n\t\t\t\t<\/div>\n\t\t\t\t<div class=\"elementor-element elementor-element-a9e0d10 ofuscado elementor-widget elementor-widget-heading\" data-id=\"a9e0d10\" data-element_type=\"widget\" data-e-type=\"widget\" data-widget_type=\"heading.default\">\n\t\t\t\t<div class=\"elementor-widget-container\">\n\t\t\t\t\t<div class=\"elementor-heading-title elementor-size-default\"><a href=\"tel:+34938915336\">938 915 336<\/a><\/div>\t\t\t\t<\/div>\n\t\t\t\t<\/div>\n\t\t\t\t<div class=\"elementor-element elementor-element-a820aa3 centrar-mobile elementor-widget elementor-widget-shortcode\" data-id=\"a820aa3\" data-element_type=\"widget\" data-e-type=\"widget\" data-widget_type=\"shortcode.default\">\n\t\t\t\t<div class=\"elementor-widget-container\">\n\t\t\t\t\t\t\t<div class=\"elementor-shortcode\"><div id=\"rpi-2280-69fa15fb4f48c\" class=\"rpi\" style=\"\" data-id=\"2280\" data-opts='{&quot;layout&quot;:&quot;badge&quot;,&quot;style_style&quot;:&quot;1&quot;,&quot;style_stars&quot;:&quot;1&quot;,&quot;style_ava&quot;:&quot;1&quot;,&quot;head_logo&quot;:&quot;1&quot;,&quot;style_logo&quot;:&quot;1&quot;,&quot;pagination&quot;:&quot;&quot;,&quot;text_size&quot;:&quot;&quot;,&quot;hide_avatar&quot;:&quot;&quot;,&quot;hide_name&quot;:&quot;&quot;,&quot;disable_review_time&quot;:&quot;&quot;,&quot;disable_user_link&quot;:&quot;&quot;,&quot;disable_google_link&quot;:&quot;&quot;,&quot;open_link&quot;:&quot;1&quot;,&quot;nofollow_link&quot;:&quot;1&quot;,&quot;lazy_load_img&quot;:&quot;1&quot;,&quot;time_format&quot;:&quot;&quot;,&quot;breakpoints&quot;:&quot;&quot;,&quot;reviewer_avatar_size&quot;:&quot;56&quot;,&quot;ajax_load&quot;:false,&quot;v2&quot;:false,&quot;trans&quot;:{&quot;read more&quot;:&quot;leer m\\u00e1s&quot;,&quot;review us on&quot;:&quot;danos tu opini\\u00f3n en&quot;,&quot;See all reviews&quot;:&quot;Ver todos los comentarios&quot;,&quot;More reviews&quot;:&quot;Siguientes&quot;,&quot;Response from the owner&quot;:&quot;Respuesta del propietario&quot;}}' data-exec=\"\"><div class=\"rpi-badge-cnt rpi-badge-embed\" data-opts='{&quot;badge_pos&quot;:&quot;&quot;,&quot;badge_click&quot;:&quot;sidebar&quot;,&quot;tag_sidebar&quot;:&quot;&quot;,&quot;text&quot;:[]}'><\/div><\/div><\/div>\n\t\t\t\t\t\t<\/div>\n\t\t\t\t<\/div>\n\t\t\t\t\t<\/div>\n\t\t<\/div>\n\t\t\t\t<div class=\"elementor-column elementor-col-50 elementor-top-column elementor-element elementor-element-845e608\" data-id=\"845e608\" data-element_type=\"column\" data-e-type=\"column\" id=\"contactar\">\n\t\t\t<div class=\"elementor-widget-wrap elementor-element-populated\">\n\t\t\t\t\t\t<div class=\"elementor-element elementor-element-bb0494b elementor-button-align-start elementor-tablet-button-align-stretch elementor-widget elementor-widget-form\" data-id=\"bb0494b\" data-element_type=\"widget\" data-e-type=\"widget\" data-settings=\"{&quot;step_next_label&quot;:&quot;Next&quot;,&quot;step_previous_label&quot;:&quot;Previous&quot;,&quot;button_width&quot;:&quot;100&quot;,&quot;step_type&quot;:&quot;number_text&quot;,&quot;step_icon_shape&quot;:&quot;circle&quot;}\" data-widget_type=\"form.default\">\n\t\t\t\t<div class=\"elementor-widget-container\">\n\t\t\t\t\t\t\t<form class=\"elementor-form\" method=\"post\" name=\"Formulario de contacto\" aria-label=\"Formulario de contacto\">\n\t\t\t<input type=\"hidden\" name=\"post_id\" value=\"22\"\/>\n\t\t\t<input type=\"hidden\" name=\"form_id\" value=\"bb0494b\"\/>\n\t\t\t<input type=\"hidden\" name=\"referer_title\" value=\"\u25b7 Contacta o pide presupuesto a Inform\u00e0ticai+\" \/>\n\n\t\t\t\t\t\t\t<input type=\"hidden\" name=\"queried_id\" value=\"22\"\/>\n\t\t\t\n\t\t\t<div class=\"elementor-form-fields-wrapper elementor-labels-\">\n\t\t\t\t\t\t\t\t<div class=\"elementor-field-type-text elementor-field-group elementor-column elementor-field-group-nomre elementor-col-100 elementor-field-required\">\n\t\t\t\t\t\t\t\t\t\t\t\t<label for=\"form-field-nomre\" class=\"elementor-field-label elementor-screen-only\">\n\t\t\t\t\t\t\t\tNombre\t\t\t\t\t\t\t<\/label>\n\t\t\t\t\t\t\t\t\t\t\t\t\t\t<input size=\"1\" type=\"text\" name=\"form_fields[nomre]\" id=\"form-field-nomre\" class=\"elementor-field elementor-size-sm  elementor-field-textual\" placeholder=\"Nombre completo *\" required=\"required\">\n\t\t\t\t\t\t\t\t\t\t\t<\/div>\n\t\t\t\t\t\t\t\t<div class=\"elementor-field-type-email elementor-field-group elementor-column elementor-field-group-email elementor-col-100 elementor-field-required\">\n\t\t\t\t\t\t\t\t\t\t\t\t<label for=\"form-field-email\" class=\"elementor-field-label elementor-screen-only\">\n\t\t\t\t\t\t\t\tEmail\t\t\t\t\t\t\t<\/label>\n\t\t\t\t\t\t\t\t\t\t\t\t\t\t<input size=\"1\" type=\"email\" name=\"form_fields[email]\" id=\"form-field-email\" class=\"elementor-field elementor-size-sm  elementor-field-textual\" placeholder=\"Correo electr\u00f3nico *\" required=\"required\">\n\t\t\t\t\t\t\t\t\t\t\t<\/div>\n\t\t\t\t\t\t\t\t<div class=\"elementor-field-type-tel elementor-field-group elementor-column elementor-field-group-telefono elementor-col-100 elementor-field-required\">\n\t\t\t\t\t\t\t\t\t\t\t\t<label for=\"form-field-telefono\" class=\"elementor-field-label elementor-screen-only\">\n\t\t\t\t\t\t\t\tTel\u00e9fono\t\t\t\t\t\t\t<\/label>\n\t\t\t\t\t\t\t\t<input size=\"1\" type=\"tel\" name=\"form_fields[telefono]\" id=\"form-field-telefono\" class=\"elementor-field elementor-size-sm  elementor-field-textual\" placeholder=\"Tel\u00e9fono de contacto *\" required=\"required\" pattern=\"[0-9()#&amp;+*-=.]+\" title=\"Solo se aceptan n\u00fameros y caracteres de tel\u00e9fono (#,-,*,etc).\">\n\n\t\t\t\t\t\t<\/div>\n\t\t\t\t\t\t\t\t<div class=\"elementor-field-type-text elementor-field-group elementor-column elementor-field-group-asunto elementor-col-100\">\n\t\t\t\t\t\t\t\t\t\t\t\t<label for=\"form-field-asunto\" class=\"elementor-field-label elementor-screen-only\">\n\t\t\t\t\t\t\t\tAsunto\t\t\t\t\t\t\t<\/label>\n\t\t\t\t\t\t\t\t\t\t\t\t\t\t<input size=\"1\" type=\"text\" name=\"form_fields[asunto]\" id=\"form-field-asunto\" class=\"elementor-field elementor-size-sm  elementor-field-textual\" placeholder=\"Asunto\">\n\t\t\t\t\t\t\t\t\t\t\t<\/div>\n\t\t\t\t\t\t\t\t<div class=\"elementor-field-type-textarea elementor-field-group elementor-column elementor-field-group-mensaje elementor-col-100\">\n\t\t\t\t\t\t\t\t\t\t\t\t<label for=\"form-field-mensaje\" class=\"elementor-field-label elementor-screen-only\">\n\t\t\t\t\t\t\t\tMensaje\t\t\t\t\t\t\t<\/label>\n\t\t\t\t\t\t<textarea class=\"elementor-field-textual elementor-field  elementor-size-sm\" name=\"form_fields[mensaje]\" id=\"form-field-mensaje\" rows=\"4\" placeholder=\"Mensaje\"><\/textarea>\t\t\t\t<\/div>\n\t\t\t\t\t\t\t\t<div class=\"elementor-field-type-acceptance elementor-field-group elementor-column elementor-field-group-aceptacion elementor-col-100 elementor-field-required\">\n\t\t\t\t\t\t\t\t\t\t\t\t<label for=\"form-field-aceptacion\" class=\"elementor-field-label elementor-screen-only\">\n\t\t\t\t\t\t\t\tAceptaci\u00f3n\t\t\t\t\t\t\t<\/label>\n\t\t\t\t\t\t\t\t<div class=\"elementor-field-subgroup\">\n\t\t\t<span class=\"elementor-field-option\">\n\t\t\t\t<input type=\"checkbox\" name=\"form_fields[aceptacion]\" id=\"form-field-aceptacion\" class=\"elementor-field elementor-size-sm  elementor-acceptance-field\" required=\"required\">\n\t\t\t\t<label for=\"form-field-aceptacion\">He le\u00eddo y acepto la pol\u00edtica de privacidad<\/label>\t\t\t<\/span>\n\t\t<\/div>\n\t\t\t\t\t\t<\/div>\n\t\t\t\t\t\t\t\t<div class=\"elementor-field-group elementor-column elementor-field-type-submit elementor-col-100 e-form__buttons\">\n\t\t\t\t\t<button class=\"elementor-button elementor-size-sm\" type=\"submit\">\n\t\t\t\t\t\t<span class=\"elementor-button-content-wrapper\">\n\t\t\t\t\t\t\t\t\t\t\t\t\t\t\t\t\t\t\t\t\t\t<span class=\"elementor-button-text\">Enviar<\/span>\n\t\t\t\t\t\t\t\t\t\t\t\t\t<\/span>\n\t\t\t\t\t<\/button>\n\t\t\t\t<\/div>\n\t\t\t<\/div>\n\t\t<\/form>\n\t\t\t\t\t\t<\/div>\n\t\t\t\t<\/div>\n\t\t\t\t\t<\/div>\n\t\t<\/div>\n\t\t\t\t\t<\/div>\n\t\t<\/section>\n\t\t\t\t<section class=\"elementor-section elementor-top-section elementor-element elementor-element-5e7f1e4 elementor-section-full_width elementor-section-height-default elementor-section-height-default\" data-id=\"5e7f1e4\" data-element_type=\"section\" data-e-type=\"section\">\n\t\t\t\t\t\t<div class=\"elementor-container elementor-column-gap-default\">\n\t\t\t\t\t<div class=\"elementor-column elementor-col-100 elementor-top-column elementor-element elementor-element-03cbdf4\" data-id=\"03cbdf4\" data-element_type=\"column\" data-e-type=\"column\">\n\t\t\t<div class=\"elementor-widget-wrap elementor-element-populated\">\n\t\t\t\t\t\t<div class=\"elementor-element elementor-element-17875f8 elementor-widget elementor-widget-google_maps\" data-id=\"17875f8\" data-element_type=\"widget\" data-e-type=\"widget\" data-widget_type=\"google_maps.default\">\n\t\t\t\t<div class=\"elementor-widget-container\">\n\t\t\t\t\t\t\t<div class=\"elementor-custom-embed\">\n\t\t\t<iframe loading=\"lazy\"\n\t\t\t\t\tsrc=\"https:\/\/maps.google.com\/maps?q=Inform%C3%A0tica%20i%2B%20Carrer%20del%20progr%C3%A9s%20%2C%2061.&#038;t=m&#038;z=15&#038;output=embed&#038;iwloc=near\"\n\t\t\t\t\ttitle=\"Inform\u00e0tica i+ Carrer del progr\u00e9s , 61.\"\n\t\t\t\t\taria-label=\"Inform\u00e0tica i+ Carrer del progr\u00e9s , 61.\"\n\t\t\t><\/iframe>\n\t\t<\/div>\n\t\t\t\t\t\t<\/div>\n\t\t\t\t<\/div>\n\t\t\t\t\t<\/div>\n\t\t<\/div>\n\t\t\t\t\t<\/div>\n\t\t<\/section>\n\t\t\t\t<\/div>\n\t\t","protected":false},"excerpt":{"rendered":"<p>Informaci\u00f3n de contacto Carrer del Progr\u00e9s, 61. 08720 Vilafranca del Pened\u00e8s Barcelona info@informaticaimes.com 938 915 336<\/p>\n","protected":false},"author":1,"featured_media":770,"parent":0,"menu_order":0,"comment_status":"closed","ping_status":"closed","template":"","meta":{"footnotes":""},"categories":[],"tags":[],"class_list":["post-22","page","type-page","status-publish","has-post-thumbnail","hentry"],"yoast_head":"<!-- This site is optimized with the Yoast SEO plugin v27.5 - https:\/\/yoast.com\/product\/yoast-seo-wordpress\/ -->\n<title>\u25b7 Contacta o pide presupuesto a Inform\u00e0ticai+<\/title>\n<meta name=\"description\" content=\"Si quieres un presupuesto personalizado para tu empresa no dudes en escribirnos y te contestaremos en menos de 24h.\" \/>\n<meta name=\"robots\" content=\"noindex, nofollow\" \/>\n<meta property=\"og:locale\" content=\"es_ES\" \/>\n<meta property=\"og:type\" content=\"article\" \/>\n<meta property=\"og:title\" content=\"\u25b7 Contacta o pide presupuesto a Inform\u00e0ticai+\" \/>\n<meta property=\"og:description\" content=\"Si quieres un presupuesto personalizado para tu empresa no dudes en escribirnos y te contestaremos en menos de 24h.\" \/>\n<meta property=\"og:url\" content=\"https:\/\/informaticaimes.com\/es\/contacto\/\" \/>\n<meta property=\"og:site_name\" content=\"Informatica i mes\" \/>\n<meta property=\"article:publisher\" content=\"https:\/\/www.facebook.com\/informaticaimes\" \/>\n<meta property=\"article:modified_time\" content=\"2024-02-14T10:06:43+00:00\" \/>\n<meta property=\"og:image\" content=\"https:\/\/informaticaimes.com\/wp-content\/uploads\/2022\/04\/informatica-i-mes-portada.jpg\" \/>\n\t<meta property=\"og:image:width\" content=\"400\" \/>\n\t<meta property=\"og:image:height\" content=\"400\" \/>\n\t<meta property=\"og:image:type\" content=\"image\/jpeg\" \/>\n<meta name=\"twitter:card\" content=\"summary_large_image\" \/>\n<meta name=\"twitter:site\" content=\"@Informaticaimes\" \/>\n<meta name=\"twitter:label1\" content=\"Tiempo de lectura\" \/>\n\t<meta name=\"twitter:data1\" content=\"1 minuto\" \/>\n<script type=\"application\/ld+json\" class=\"yoast-schema-graph\">{\"@context\":\"https:\\\/\\\/schema.org\",\"@graph\":[{\"@type\":\"WebPage\",\"@id\":\"https:\\\/\\\/informaticaimes.com\\\/es\\\/contacto\\\/\",\"url\":\"https:\\\/\\\/informaticaimes.com\\\/es\\\/contacto\\\/\",\"name\":\"\u25b7 Contacta o pide presupuesto a Inform\u00e0ticai+\",\"isPartOf\":{\"@id\":\"https:\\\/\\\/informaticaimes.com\\\/es\\\/#website\"},\"primaryImageOfPage\":{\"@id\":\"https:\\\/\\\/informaticaimes.com\\\/es\\\/contacto\\\/#primaryimage\"},\"image\":{\"@id\":\"https:\\\/\\\/informaticaimes.com\\\/es\\\/contacto\\\/#primaryimage\"},\"thumbnailUrl\":\"https:\\\/\\\/informaticaimes.com\\\/wp-content\\\/uploads\\\/2022\\\/04\\\/informatica-i-mes-portada.jpg\",\"datePublished\":\"2022-03-30T11:47:58+00:00\",\"dateModified\":\"2024-02-14T10:06:43+00:00\",\"description\":\"Si quieres un presupuesto personalizado para tu empresa no dudes en escribirnos y te contestaremos en menos de 24h.\",\"breadcrumb\":{\"@id\":\"https:\\\/\\\/informaticaimes.com\\\/es\\\/contacto\\\/#breadcrumb\"},\"inLanguage\":\"es\",\"potentialAction\":[{\"@type\":\"ReadAction\",\"target\":[\"https:\\\/\\\/informaticaimes.com\\\/es\\\/contacto\\\/\"]}]},{\"@type\":\"ImageObject\",\"inLanguage\":\"es\",\"@id\":\"https:\\\/\\\/informaticaimes.com\\\/es\\\/contacto\\\/#primaryimage\",\"url\":\"https:\\\/\\\/informaticaimes.com\\\/wp-content\\\/uploads\\\/2022\\\/04\\\/informatica-i-mes-portada.jpg\",\"contentUrl\":\"https:\\\/\\\/informaticaimes.com\\\/wp-content\\\/uploads\\\/2022\\\/04\\\/informatica-i-mes-portada.jpg\",\"width\":400,\"height\":400,\"caption\":\"informatica i mes portada\"},{\"@type\":\"BreadcrumbList\",\"@id\":\"https:\\\/\\\/informaticaimes.com\\\/es\\\/contacto\\\/#breadcrumb\",\"itemListElement\":[{\"@type\":\"ListItem\",\"position\":1,\"name\":\"Portada\",\"item\":\"https:\\\/\\\/informaticaimes.com\\\/es\\\/\"},{\"@type\":\"ListItem\",\"position\":2,\"name\":\"Contacto\"}]},{\"@type\":\"WebSite\",\"@id\":\"https:\\\/\\\/informaticaimes.com\\\/es\\\/#website\",\"url\":\"https:\\\/\\\/informaticaimes.com\\\/es\\\/\",\"name\":\"Informatica i mes\",\"description\":\"Mantenimiento Inform\u00e1tico en Vilafranca para empresas . Somos expertos en soporte IT empresas y reparaciones.\",\"publisher\":{\"@id\":\"https:\\\/\\\/informaticaimes.com\\\/es\\\/#organization\"},\"potentialAction\":[{\"@type\":\"SearchAction\",\"target\":{\"@type\":\"EntryPoint\",\"urlTemplate\":\"https:\\\/\\\/informaticaimes.com\\\/es\\\/?s={search_term_string}\"},\"query-input\":{\"@type\":\"PropertyValueSpecification\",\"valueRequired\":true,\"valueName\":\"search_term_string\"}}],\"inLanguage\":\"es\"},{\"@type\":\"Organization\",\"@id\":\"https:\\\/\\\/informaticaimes.com\\\/es\\\/#organization\",\"name\":\"Inform\u00e0ticai+\",\"url\":\"https:\\\/\\\/informaticaimes.com\\\/es\\\/\",\"logo\":{\"@type\":\"ImageObject\",\"inLanguage\":\"es\",\"@id\":\"https:\\\/\\\/informaticaimes.com\\\/es\\\/#\\\/schema\\\/logo\\\/image\\\/\",\"url\":\"https:\\\/\\\/informaticaimes.com\\\/wp-content\\\/uploads\\\/2022\\\/03\\\/informatica-i-mes-logo.png\",\"contentUrl\":\"https:\\\/\\\/informaticaimes.com\\\/wp-content\\\/uploads\\\/2022\\\/03\\\/informatica-i-mes-logo.png\",\"width\":340,\"height\":156,\"caption\":\"Inform\u00e0ticai+\"},\"image\":{\"@id\":\"https:\\\/\\\/informaticaimes.com\\\/es\\\/#\\\/schema\\\/logo\\\/image\\\/\"},\"sameAs\":[\"https:\\\/\\\/www.facebook.com\\\/informaticaimes\",\"https:\\\/\\\/x.com\\\/Informaticaimes\",\"https:\\\/\\\/www.instagram.com\\\/informaticaimes\\\/\"]}]}<\/script>\n<!-- \/ Yoast SEO plugin. -->","yoast_head_json":{"title":"\u25b7 Contacta o pide presupuesto a Inform\u00e0ticai+","description":"Si quieres un presupuesto personalizado para tu empresa no dudes en escribirnos y te contestaremos en menos de 24h.","robots":{"index":"noindex","follow":"nofollow"},"og_locale":"es_ES","og_type":"article","og_title":"\u25b7 Contacta o pide presupuesto a Inform\u00e0ticai+","og_description":"Si quieres un presupuesto personalizado para tu empresa no dudes en escribirnos y te contestaremos en menos de 24h.","og_url":"https:\/\/informaticaimes.com\/es\/contacto\/","og_site_name":"Informatica i mes","article_publisher":"https:\/\/www.facebook.com\/informaticaimes","article_modified_time":"2024-02-14T10:06:43+00:00","og_image":[{"width":400,"height":400,"url":"https:\/\/informaticaimes.com\/wp-content\/uploads\/2022\/04\/informatica-i-mes-portada.jpg","type":"image\/jpeg"}],"twitter_card":"summary_large_image","twitter_site":"@Informaticaimes","twitter_misc":{"Tiempo de lectura":"1 minuto"},"schema":{"@context":"https:\/\/schema.org","@graph":[{"@type":"WebPage","@id":"https:\/\/informaticaimes.com\/es\/contacto\/","url":"https:\/\/informaticaimes.com\/es\/contacto\/","name":"\u25b7 Contacta o pide presupuesto a Inform\u00e0ticai+","isPartOf":{"@id":"https:\/\/informaticaimes.com\/es\/#website"},"primaryImageOfPage":{"@id":"https:\/\/informaticaimes.com\/es\/contacto\/#primaryimage"},"image":{"@id":"https:\/\/informaticaimes.com\/es\/contacto\/#primaryimage"},"thumbnailUrl":"https:\/\/informaticaimes.com\/wp-content\/uploads\/2022\/04\/informatica-i-mes-portada.jpg","datePublished":"2022-03-30T11:47:58+00:00","dateModified":"2024-02-14T10:06:43+00:00","description":"Si quieres un presupuesto personalizado para tu empresa no dudes en escribirnos y te contestaremos en menos de 24h.","breadcrumb":{"@id":"https:\/\/informaticaimes.com\/es\/contacto\/#breadcrumb"},"inLanguage":"es","potentialAction":[{"@type":"ReadAction","target":["https:\/\/informaticaimes.com\/es\/contacto\/"]}]},{"@type":"ImageObject","inLanguage":"es","@id":"https:\/\/informaticaimes.com\/es\/contacto\/#primaryimage","url":"https:\/\/informaticaimes.com\/wp-content\/uploads\/2022\/04\/informatica-i-mes-portada.jpg","contentUrl":"https:\/\/informaticaimes.com\/wp-content\/uploads\/2022\/04\/informatica-i-mes-portada.jpg","width":400,"height":400,"caption":"informatica i mes portada"},{"@type":"BreadcrumbList","@id":"https:\/\/informaticaimes.com\/es\/contacto\/#breadcrumb","itemListElement":[{"@type":"ListItem","position":1,"name":"Portada","item":"https:\/\/informaticaimes.com\/es\/"},{"@type":"ListItem","position":2,"name":"Contacto"}]},{"@type":"WebSite","@id":"https:\/\/informaticaimes.com\/es\/#website","url":"https:\/\/informaticaimes.com\/es\/","name":"Informatica i mes","description":"Mantenimiento Inform\u00e1tico en Vilafranca para empresas . Somos expertos en soporte IT empresas y reparaciones.","publisher":{"@id":"https:\/\/informaticaimes.com\/es\/#organization"},"potentialAction":[{"@type":"SearchAction","target":{"@type":"EntryPoint","urlTemplate":"https:\/\/informaticaimes.com\/es\/?s={search_term_string}"},"query-input":{"@type":"PropertyValueSpecification","valueRequired":true,"valueName":"search_term_string"}}],"inLanguage":"es"},{"@type":"Organization","@id":"https:\/\/informaticaimes.com\/es\/#organization","name":"Inform\u00e0ticai+","url":"https:\/\/informaticaimes.com\/es\/","logo":{"@type":"ImageObject","inLanguage":"es","@id":"https:\/\/informaticaimes.com\/es\/#\/schema\/logo\/image\/","url":"https:\/\/informaticaimes.com\/wp-content\/uploads\/2022\/03\/informatica-i-mes-logo.png","contentUrl":"https:\/\/informaticaimes.com\/wp-content\/uploads\/2022\/03\/informatica-i-mes-logo.png","width":340,"height":156,"caption":"Inform\u00e0ticai+"},"image":{"@id":"https:\/\/informaticaimes.com\/es\/#\/schema\/logo\/image\/"},"sameAs":["https:\/\/www.facebook.com\/informaticaimes","https:\/\/x.com\/Informaticaimes","https:\/\/www.instagram.com\/informaticaimes\/"]}]}},"_links":{"self":[{"href":"https:\/\/informaticaimes.com\/es\/wp-json\/wp\/v2\/pages\/22","targetHints":{"allow":["GET"]}}],"collection":[{"href":"https:\/\/informaticaimes.com\/es\/wp-json\/wp\/v2\/pages"}],"about":[{"href":"https:\/\/informaticaimes.com\/es\/wp-json\/wp\/v2\/types\/page"}],"author":[{"embeddable":true,"href":"https:\/\/informaticaimes.com\/es\/wp-json\/wp\/v2\/users\/1"}],"replies":[{"embeddable":true,"href":"https:\/\/informaticaimes.com\/es\/wp-json\/wp\/v2\/comments?post=22"}],"version-history":[{"count":27,"href":"https:\/\/informaticaimes.com\/es\/wp-json\/wp\/v2\/pages\/22\/revisions"}],"predecessor-version":[{"id":2772,"href":"https:\/\/informaticaimes.com\/es\/wp-json\/wp\/v2\/pages\/22\/revisions\/2772"}],"wp:featuredmedia":[{"embeddable":true,"href":"https:\/\/informaticaimes.com\/es\/wp-json\/wp\/v2\/media\/770"}],"wp:attachment":[{"href":"https:\/\/informaticaimes.com\/es\/wp-json\/wp\/v2\/media?parent=22"}],"wp:term":[{"taxonomy":"category","embeddable":true,"href":"https:\/\/informaticaimes.com\/es\/wp-json\/wp\/v2\/categories?post=22"},{"taxonomy":"post_tag","embeddable":true,"href":"https:\/\/informaticaimes.com\/es\/wp-json\/wp\/v2\/tags?post=22"}],"curies":[{"name":"wp","href":"https:\/\/api.w.org\/{rel}","templated":true}]}}